{"id":22,"date":"2020-10-19T17:34:18","date_gmt":"2020-10-19T17:34:18","guid":{"rendered":"https:\/\/nr-kollund.dk\/?page_id=22"},"modified":"2026-05-10T12:58:30","modified_gmt":"2026-05-10T10:58:30","slug":"foreningen","status":"publish","type":"page","link":"https:\/\/nr-kollund.dk\/index.php\/foreningen\/","title":{"rendered":"Foreningen"},"content":{"rendered":"\n<h3 class=\"wp-block-heading\">Kollund Forsamlingshus og Borgerforening<\/h3>\n\n\n\n<h3 class=\"wp-block-heading\">Bestyrelsen<\/h3>\n\n\n\n<figure class=\"wp-block-table is-style-regular\"><table><tbody><tr><td>Formand<\/td><td>Sven Nordgaard<\/td><\/tr><tr><td>N\u00e6stformand<\/td><td>Keld Andersen<\/td><\/tr><tr><td>Sekret\u00e6r<\/td><td>Monica Dalgaard<\/td><\/tr><tr><td>Kasserer<\/td><td>Monica Dalgaard<\/td><\/tr><tr><td>Bestyrelsesmedlem<\/td><td>Marcel Tielemans<\/td><\/tr><tr><td>Bestyrelsesmedlem<\/td><td>Birgitte Spandet<\/td><\/tr><tr><td>Bestyrelsesmedlem<\/td><td>Simon Frederik Lund<\/td><\/tr><\/tbody><\/table><\/figure>\n\n\n\n<p>Kontakt foreningen p\u00e5 telefon 40 59 83 75 eller email kollund.forening@gmail.com<\/p>\n\n\n\n<p>Foreningen arbejder for tiden med f\u00f8lgende opgaver:<\/p>\n\n\n\n<figure class=\"wp-block-table\"><table><tbody><tr><td>Rejsning af midler til renovering og drift af forsamlingshuset.<\/td><\/tr><tr><td>Byforsk\u00f8nnelse med b\u00e5lhus, shelters, tarzanbane og cykelcrossbane. Forventes afsluttet i Q2 2026<\/td><\/tr><tr><td>Transformere Forsamlingshuset til vedvarende energi. Forventes afsluttet i Q2 2026<\/td><\/tr><tr><td>Deltage i landsbykontaktudvalget, der er nedsat af byr\u00e5det. 4 \u00e5rlige m\u00f8der.<\/td><\/tr><tr><td>Deltager i interessegruppen Landsbyerne Herning Syd.<\/td><\/tr><\/tbody><\/table><\/figure>\n\n\n\n<p>Kontakt foreningen p\u00e5 telefon 40 59 83 75 eller email kollund.forening@gmail.com<\/p>\n\n\n\n<p><\/p>\n","protected":false},"excerpt":{"rendered":"<p>Kollund Forsamlingshus og Borgerforening Bestyrelsen Formand Sven Nordgaard N\u00e6stformand Keld Andersen Sekret\u00e6r Monica Dalgaard Kasserer Monica Dalgaard Bestyrelsesmedlem Marcel Tielemans Bestyrelsesmedlem Birgitte Spandet Bestyrelsesmedlem Simon Frederik Lund Kontakt foreningen p\u00e5 telefon 40 59 83 75 eller email kollund.forening@gmail.com Foreningen arbejder for tiden med f\u00f8lgende opgaver: Rejsning af midler til renovering og drift af forsamlingshuset. Byforsk\u00f8nnelse [&hellip;]<\/p>\n","protected":false},"author":2,"featured_media":0,"parent":0,"menu_order":0,"comment_status":"closed","ping_status":"closed","template":"","meta":{"footnotes":""},"class_list":["post-22","page","type-page","status-publish","hentry"],"_links":{"self":[{"href":"https:\/\/nr-kollund.dk\/index.php\/wp-json\/wp\/v2\/pages\/22","targetHints":{"allow":["GET"]}}],"collection":[{"href":"https:\/\/nr-kollund.dk\/index.php\/wp-json\/wp\/v2\/pages"}],"about":[{"href":"https:\/\/nr-kollund.dk\/index.php\/wp-json\/wp\/v2\/types\/page"}],"author":[{"embeddable":true,"href":"https:\/\/nr-kollund.dk\/index.php\/wp-json\/wp\/v2\/users\/2"}],"replies":[{"embeddable":true,"href":"https:\/\/nr-kollund.dk\/index.php\/wp-json\/wp\/v2\/comments?post=22"}],"version-history":[{"count":11,"href":"https:\/\/nr-kollund.dk\/index.php\/wp-json\/wp\/v2\/pages\/22\/revisions"}],"predecessor-version":[{"id":706,"href":"https:\/\/nr-kollund.dk\/index.php\/wp-json\/wp\/v2\/pages\/22\/revisions\/706"}],"wp:attachment":[{"href":"https:\/\/nr-kollund.dk\/index.php\/wp-json\/wp\/v2\/media?parent=22"}],"curies":[{"name":"wp","href":"https:\/\/api.w.org\/{rel}","templated":true}]}}