{"id":25,"date":"2020-10-19T17:36:46","date_gmt":"2020-10-19T17:36:46","guid":{"rendered":"https:\/\/nr-kollund.dk\/?page_id=25"},"modified":"2020-10-19T17:36:46","modified_gmt":"2020-10-19T17:36:46","slug":"vedtaegter","status":"publish","type":"page","link":"https:\/\/nr-kollund.dk\/index.php\/vedtaegter\/","title":{"rendered":"Vedt\u00e6gter"},"content":{"rendered":"\n<p><strong>VEDT\u00c6GTER FOR NR. KOLLUND OG OMEGNS BORGERFORENING<\/strong><\/p>\n\n\n\n<p><strong>\u00a7 1<\/strong><\/p>\n\n\n\n<p><strong>NAVN OG HJEMSTED<\/strong><\/p>\n\n\n\n<p>Borgerforeningens navn er:<strong>&nbsp;Nr.Kollund og omegns Borgerforening&nbsp;<\/strong>Borgerforeningens adresse er hos den til enhver tid v\u00e6rende formand&nbsp;<\/p>\n\n\n\n<p><strong>\u00a7 2<\/strong><\/p>\n\n\n\n<p><strong>FORM\u00c5L<\/strong><\/p>\n\n\n\n<p><strong><u>Borgerforeningens form\u00e5l er at fremme byens trivsel og borgernes samh\u00f8righed ved at:<\/u><\/strong><\/p>\n\n\n\n<p>1) Varetage og fremme medlemmernes interesser over for offentlige myndigheder og andre foreninger.&nbsp;<\/p>\n\n\n\n<p>2) Tage inintiativ til l\u00f8sning af f\u00e6lles opgaver og problemer&nbsp;<\/p>\n\n\n\n<p>3) St\u00f8tte Kollund Forsamlingshus, s\u00e5ledes at huset kan vedblive at v\u00e6re det centrale samlings punkt for socialt samv\u00e6r for alle omr\u00e5dets beboere.&nbsp;<\/p>\n\n\n\n<p>4) Give Kollund Forsamlingshus mulighed for at s\u00f8ge \u00f8konomisk st\u00f8tte til nye tiltag.&nbsp;<\/p>\n\n\n\n<p><strong>\u00a7 3<\/strong><\/p>\n\n\n\n<p><strong>MEDLEMMER<\/strong><\/p>\n\n\n\n<p>Borgerforeningen kan optage enhver husstand i Nr.Kollund og omegn som medlem<strong><em>&nbsp;(Se stemmeregler \u00a7 8)&nbsp;<\/em><\/strong><\/p>\n\n\n\n<p>Desuden kan borgere udenfor omr\u00e5det blive optaget som passiv enkeltmedlem uden stem- meret.&nbsp;<\/p>\n\n\n\n<p>Indmeldelse i borgerforeningen kan ske ved henvendelse til et af bestyrelsesmedlemmerne. Ved indmeldelse udleveres borgerforeningens vedt\u00e6gter samt medlemskort, mod betaling af medlems\u00e5rets kontingent.&nbsp;<\/p>\n\n\n\n<p>Udmeldelse sker ved henvendelse til et af bestyrelsesmedlemmerne.&nbsp;<\/p>\n\n\n\n<p>Ved kontingentrestance slettes et medlem\/en husstand automatisk.&nbsp;<\/p>\n\n\n\n<p><strong>\u00a7 4<\/strong><\/p>\n\n\n\n<p><strong>GENERALFORSAMLING<\/strong><\/p>\n\n\n\n<p>Generalforsamlingen er borgerforeningens \u00f8verste myndighed.&nbsp;<\/p>\n\n\n\n<p>Ordin\u00e6r generalforsamling afholdes een gang om \u00e5ret&nbsp;<strong><em>inden udgangen af februar m\u00e5ned<\/em><\/strong>&nbsp;og&nbsp;<strong><em>indkaldes med mindst 10 dages varsel<\/em><\/strong>&nbsp;ved skriftlig henvendelse til hvert enkelt medlem eller gennem dagspressen.&nbsp;<\/p>\n\n\n\n<p><strong><u>Dagsorden for generalforsamlingen skal indeholde f\u00f8lgende punkter:<\/u><\/strong><\/p>\n\n\n\n<p><strong><em>1) Valg af dirigent<\/em><\/strong><\/p>\n\n\n\n<p><strong><em>2) Bestyrelsens beretning<\/em><\/strong><\/p>\n\n\n\n<p><strong><em>3) Freml\u00e6ggelse af det reviderede regnskab<\/em><\/strong><\/p>\n\n\n\n<p><strong><em>4) Behandling af indkomne forslag<\/em><\/strong><\/p>\n\n\n\n<p><strong><em>5) Fasts\u00e6ttelse af \u00e5rskontingent<\/em><\/strong><\/p>\n\n\n\n<p><strong><em>6) Valg af bestyrelsesmedlemmer og 2 suppleanter<\/em><\/strong><\/p>\n\n\n\n<p><strong><em>7) Valg af 2 revisorer og 1 revisorsuppleant<\/em><\/strong><\/p>\n\n\n\n<p><strong><em>8) Eventuelt<\/em><\/strong><\/p>\n\n\n\n<p>Indkomne forslag skal skriftlig v\u00e6re formanden i h\u00e6nde senest 8 dage f\u00f8r generalforsamlingen.&nbsp;<\/p>\n\n\n\n<p>Generalforsamlingen er beslutningsdygtig uden hensyn til antal m\u00f8dte medlemmer.&nbsp;<\/p>\n\n\n\n<p><strong>Valgbar til bestyrelsen er alle over 18 \u00e5r og som er fastboende husstandsmedlem i Nr.Kollund og omegn<\/strong><\/p>\n\n\n\n<p><strong>\u00a7 5<\/strong><\/p>\n\n\n\n<p><strong>BESTYRELSE<\/strong><\/p>\n\n\n\n<p>Borgerforeningen ledes af en bestyrelse p\u00e5 5 medlemmer&nbsp;<\/p>\n\n\n\n<p>Bestyrelsen v\u00e6lges for 2 \u00e5r ad gangen p\u00e5 den ordin\u00e6re generalforsamling, hvor suppleanter til bestyrelsen v\u00e6lges for 1 \u00e5r.&nbsp;<\/p>\n\n\n\n<p>Bestyrelsen konstituerer sig med:<strong>&nbsp;Formand, n\u00e6stformand, kasserer og sekret\u00e6r.<\/strong><\/p>\n\n\n\n<p>Bestyrelsesm\u00f8de, der indkaldes af formanden, afholdes s\u00e5 ofte formanden eller mindst 2 bestyrelsesmedlemmer anmoder om det.&nbsp;<\/p>\n\n\n\n<p>Der f\u00f8res protokol over afholdte m\u00f8der, herunder generalforsamlinger, med angivelse af trufne beslutninger.&nbsp;<\/p>\n\n\n\n<p>Bestyrelsen er beslutningsdygtig n\u00e5r mindst 3 medlemmer er til stede.&nbsp;<\/p>\n\n\n\n<p>Bestyrelsen har ret til at neds\u00e6tte diverse udvalg til l\u00f8sning af borgerforeningens opgaver, n\u00e5r bestyrelsen finder dette n\u00f8dvendigt.&nbsp;<\/p>\n\n\n\n<p><strong>\u00a7 6<\/strong><\/p>\n\n\n\n<p><strong>\u00d8KONOMI<\/strong><\/p>\n\n\n\n<p>Borgerforeningens \u00f8konomi bygger p\u00e5 salg af medlemskort samt evt. tilskuds- og fondsmidler fra anden side.Kasserere har ansvaret for opkr\u00e6vning af kontingent, der forfalder til betaling senest 1.april.&nbsp;<\/p>\n\n\n\n<p>Bestyrelsen er ansvarlig for borgerforeningens \u00f8konomi og kan ikke indg\u00e5 forpligtigelser, hvorved medlemmerne forpligtes udover kontingentet.&nbsp;<\/p>\n\n\n\n<p>Borgerforeningens regnskabs\u00e5r f\u00f8lger kalender\u00e5ret&nbsp;<\/p>\n\n\n\n<p>Kassereren har ansvaret for at f\u00f8re borgerforeningens regnskab forsvarligt samt udarbejde \u00e5rsregnskab. \u00c5rsregnskabet skal inden generalforsamlingen v\u00e6re revideret af de p\u00e5 generalfor- samlingen valgte revisorer.&nbsp;<\/p>\n\n\n\n<p>Revisorerne har ret til at foretage uanmeldt revision.&nbsp;<\/p>\n\n\n\n<p><strong>\u00a7 7<\/strong><\/p>\n\n\n\n<p><strong>EKSTRAORDIN\u00c6R GENERALFORSAMLING.<\/strong><\/p>\n\n\n\n<p>Ekstraordin\u00e6r generalforsamling afholdes n\u00e5r bestyrelsen finder det n\u00f8dvendigt, eller n\u00e5r mindst 1\/4 af medlemmerne frems\u00e6tter skriftlig anmodning herom med motiveret dagsorden.&nbsp;<\/p>\n\n\n\n<p>Afholdelse skal finde sted inden 6 uger fra anmodningens modtagelse&nbsp;<\/p>\n\n\n\n<p>.&nbsp;<\/p>\n\n\n\n<p><strong>\u00a7 8<\/strong><\/p>\n\n\n\n<p><strong>AFSTEMNINGSREGLER<\/strong><\/p>\n\n\n\n<p>Hver husstand har 2 stemmer. Der kan stemmes ved personligt fremm\u00f8de eller ved fuldmagt, dog kan ingen repr\u00e6sentere mere end een fuldmagt udover sin egen personlige stemme.&nbsp;<\/p>\n\n\n\n<p>Afstemning sker ved alm. h\u00e5ndsopr\u00e6kning. Dog skal der foretages skriftlig afstemning, n\u00e5r blot eet medlem frems\u00e6tter \u00f8nske herom.&nbsp;<\/p>\n\n\n\n<p>Alle afstemninger afg\u00f8res ved alm. stemmeflerhed, herfra dog undtaget vedt\u00e6gts\u00e6ndringer og opl\u00f8sning af foreningen&nbsp;<strong><em>(Se \u00a7\u00a7 9 og 10)<\/em><\/strong><\/p>\n\n\n\n<p><strong>\u00a7 9<\/strong><\/p>\n\n\n\n<p><strong>VEDT\u00c6GTS\u00c6NDRINGER.<\/strong><\/p>\n\n\n\n<p>\u00c6ndring af n\u00e6rv\u00e6rende vedt\u00e6gter kan finde sted p\u00e5 den ordin\u00e6re eller ekstraordin\u00e6re generalforsamling&nbsp;<\/p>\n\n\n\n<p>Forslag til vedt\u00e6gts\u00e6ndringer skal fremg\u00e5 af indkaldelsen til generalforsamlingen&nbsp;<\/p>\n\n\n\n<p>Til vedtagelse af vedt\u00e6gts\u00e6ndringer kr\u00e6ves mindst 2\/3 af de fremm\u00f8dte stemmeberettigede stemmer for.&nbsp;<\/p>\n\n\n\n<p><strong>\u00a7 10<\/strong><\/p>\n\n\n\n<p><strong>OPL\u00d8SNING<\/strong><\/p>\n\n\n\n<p>Opl\u00f8sning af borgerforeningen kan kun finde sted efter beslutning p\u00e5 en ordin\u00e6r generalfor- samling og kun s\u00e5fremt 4\/5 af borgerforeningens medlemmer stemmer for.&nbsp;<\/p>\n\n\n\n<p>Er 4\/5 af medlemmerne ikke til stede p\u00e5 den ordin\u00e6re generalforsamling, afholdes ekstraordi- n\u00e6r generalforsamling senest 3 uger efter, hvor sp\u00f8rgsm\u00e5let afg\u00f8res ved alminedelig flertal blandt de fremm\u00f8dte medlemmer.&nbsp;<\/p>\n\n\n\n<p>Den opl\u00f8sende generalforsamling afg\u00f8r anvendelsen af borgerforeningens midler.&nbsp;<\/p>\n\n\n\n<p><strong><em>Borgerforeningens midler skal anvendes til almennyttige og velg\u00f8rende form\u00e5l i lokalom- r\u00e5det.<\/em><\/strong><\/p>\n\n\n\n<p>Midlerne m\u00e5 ikke tilfalde enkeltpersoner.&nbsp;<\/p>\n\n\n\n<p><strong>\u00a7 11<\/strong><\/p>\n\n\n\n<p><strong>IKRAFTTR\u00c6DELSESREGLER<\/strong><\/p>\n\n\n\n<p><strong><em><u>Denne \u00a7 udg\u00e5r i dette reviderede s\u00e6t.<\/u><\/em><\/strong><\/p>\n\n\n\n<p>S\u00e5ledes vedtaget p\u00e5 den ordin\u00e6re generalforsamling i Nr.Kollund og omegns borgerforening den&nbsp;<strong>23.februar 2000<\/strong><\/p>\n","protected":false},"excerpt":{"rendered":"<p>VEDT\u00c6GTER FOR NR. KOLLUND OG OMEGNS BORGERFORENING \u00a7 1 NAVN OG HJEMSTED Borgerforeningens navn er:&nbsp;Nr.Kollund og omegns Borgerforening&nbsp;Borgerforeningens adresse er hos den til enhver tid v\u00e6rende formand&nbsp; \u00a7 2 FORM\u00c5L Borgerforeningens form\u00e5l er at fremme byens trivsel og borgernes samh\u00f8righed ved at: 1) Varetage og fremme medlemmernes interesser over for offentlige myndigheder og andre foreninger.&nbsp; [&hellip;]<\/p>\n","protected":false},"author":1,"featured_media":0,"parent":0,"menu_order":0,"comment_status":"closed","ping_status":"closed","template":"","meta":{"footnotes":""},"class_list":["post-25","page","type-page","status-publish","hentry"],"_links":{"self":[{"href":"https:\/\/nr-kollund.dk\/index.php\/wp-json\/wp\/v2\/pages\/25","targetHints":{"allow":["GET"]}}],"collection":[{"href":"https:\/\/nr-kollund.dk\/index.php\/wp-json\/wp\/v2\/pages"}],"about":[{"href":"https:\/\/nr-kollund.dk\/index.php\/wp-json\/wp\/v2\/types\/page"}],"author":[{"embeddable":true,"href":"https:\/\/nr-kollund.dk\/index.php\/wp-json\/wp\/v2\/users\/1"}],"replies":[{"embeddable":true,"href":"https:\/\/nr-kollund.dk\/index.php\/wp-json\/wp\/v2\/comments?post=25"}],"version-history":[{"count":1,"href":"https:\/\/nr-kollund.dk\/index.php\/wp-json\/wp\/v2\/pages\/25\/revisions"}],"predecessor-version":[{"id":26,"href":"https:\/\/nr-kollund.dk\/index.php\/wp-json\/wp\/v2\/pages\/25\/revisions\/26"}],"wp:attachment":[{"href":"https:\/\/nr-kollund.dk\/index.php\/wp-json\/wp\/v2\/media?parent=25"}],"curies":[{"name":"wp","href":"https:\/\/api.w.org\/{rel}","templated":true}]}}