{"id":37,"date":"2020-10-19T18:54:27","date_gmt":"2020-10-19T17:54:27","guid":{"rendered":"https:\/\/nr-kollund.dk\/?page_id=37"},"modified":"2024-10-04T11:06:45","modified_gmt":"2024-10-04T09:06:45","slug":"arrangementer","status":"publish","type":"page","link":"https:\/\/nr-kollund.dk\/index.php\/arrangementer\/","title":{"rendered":"Arrangementer"},"content":{"rendered":"\n<h3 class=\"wp-block-heading\">Kollund forsamlingshus<\/h3>\n\n\n\n<p>Form\u00e5let med Kollund Forsamlingshus er at have et samlingssted for beboerne i Kollund og omegn til kulturelle og selskabelige arrangementer.<\/p>\n\n\n\n<p>Kollund Forsamlingshus og Borgerforenings bestyrelse samt forskellige arbejdsudvalg, afvikler en lang r\u00e6kke arrangementer i l\u00f8bet af \u00e5ret, hvor alle omr\u00e5dets beboere inviteres til at deltage.<\/p>\n\n\n\n<p>Derudover udlejes forsamlingshusets sal til private fester. L\u00e6s mere om forsamlingshuset og udlejning under &#8216;Forsamlingshuset&#8217;.<\/p>\n\n\n\n<h3 class=\"wp-block-heading\">Hvad sker der i Kollund Forsamlingshus ?<\/h3>\n\n\n\n<p>I forsamlingshuset er der i l\u00f8bet af \u00e5ret en lang r\u00e6kke <a href=\"https:\/\/nr-kollund.dk\/index.php\/aktiviteter\/\" data-type=\"page\" data-id=\"356\">aktiviteter<\/a> af forskellig karakter. Kendetegnende for alle arrangementer er en uformel stemning i et afslappet samv\u00e6r. I l\u00f8bet af februar udsendes en \u00e5rsplan for det f\u00f8lgende \u00e5rs aktiviteter. Vi orienterer l\u00f8bende om de forest\u00e5ende arrangementer.&nbsp;<\/p>\n\n\n\n<p>Herunder kan \u00e5rskalenderen for 2024 ses. For hver enkelt aktivitet kan der l\u00e6ses mere. Du kan udskrive \u00e5rsplanen\u00a0her:<\/p>\n\n\n\n<p>\u00d8nsker du at modtage mail med folderen og andre informationer, kan du l\u00e6se om tilmelding&nbsp;her:<\/p>\n\n\n\n<h3 class=\"wp-block-heading\">\u00c5rskalender:<\/h3>\n\n\n\n<figure class=\"wp-block-table\"><table><tbody><tr><td>13.01.2024<\/td><td>Generalforsamling<\/td><\/tr><tr><td>11.02.2024<\/td><td>Fastelavnsfest<\/td><\/tr><tr><td>Aflyst<\/td><td>F\u00e6llesspisning marts<\/td><\/tr><tr><td>10.04.2024<\/td><td>Infoaften om Fuldmagter, testamenter mv,<\/td><\/tr><tr><td>14.04.2024<\/td><td>G\u00f8r Kollund ren!<\/td><\/tr><tr><td>21.05.2024<\/td><td>1. hj\u00e6lp og hjertestarter kursus<\/td><\/tr><tr><td>16.05.2024<\/td><td>Vinsmagning<\/td><\/tr><tr><td>23.06.2024<\/td><td>Sankt Hans<\/td><\/tr><tr><td>17.08.2024<\/td><td>Byfest i Kollund<\/td><\/tr><tr><td>XX.10.2024<\/td><td>Vinsmagning<\/td><\/tr><tr><td>26.10.2024<\/td><td>Gr\u00e6skarsk\u00e6ring til Halloween<\/td><\/tr><tr><td>05.11.2024<\/td><td>F\u00e6llesspisning<\/td><\/tr><tr><td>07.11.2024<\/td><td>\u00c5rets bankospil i Kollund<\/td><\/tr><tr><td>15.12.2024<\/td><td>Julehygge med juletr\u00e6, gl\u00f6gg, \u00e6bleskiver mv.<\/td><\/tr><tr><td>31.12.2024<\/td><td>Nyt\u00e5rsjagt\/slyngeljagten<\/td><\/tr><tr><td>31.12.2024<\/td><td>Nyt\u00e5rskalas<\/td><\/tr><tr><td>17.01.2025<\/td><td>Generalforsamling<\/td><\/tr><tr><td><\/td><td><\/td><\/tr><\/tbody><\/table><\/figure>\n\n\n\n<div style=\"height:20px\" aria-hidden=\"true\" class=\"wp-block-spacer\"><\/div>\n\n\n\n<p>Har du endnu ikke v\u00e6ret i forsamlingshuset, h\u00e5ber vi, at du nu har lyst til at deltage i nogle af de aktiviteter, som vi har beskrevet. Vi h\u00e5ber at kunne byde dig velkommen i forsamlingshuset, og h\u00e5ber, at du her vil f\u00e5 mange forn\u00f8jelige timer. Har du en god ide til forsamlingshuset h\u00f8rer vi meget gerne fra dig, ligesom du altid er velkommen til at v\u00e6re med ogs\u00e5 i arbejdet omkring huset og dets aktiviteter.<\/p>\n","protected":false},"excerpt":{"rendered":"<p>Kollund forsamlingshus Form\u00e5let med Kollund Forsamlingshus er at have et samlingssted for beboerne i Kollund og omegn til kulturelle og selskabelige arrangementer. Kollund Forsamlingshus og Borgerforenings bestyrelse samt forskellige arbejdsudvalg, afvikler en lang r\u00e6kke arrangementer i l\u00f8bet af \u00e5ret, hvor alle omr\u00e5dets beboere inviteres til at deltage. Derudover udlejes forsamlingshusets sal til private fester. L\u00e6s [&hellip;]<\/p>\n","protected":false},"author":2,"featured_media":0,"parent":0,"menu_order":0,"comment_status":"closed","ping_status":"closed","template":"","meta":{"footnotes":""},"class_list":["post-37","page","type-page","status-publish","hentry"],"_links":{"self":[{"href":"https:\/\/nr-kollund.dk\/index.php\/wp-json\/wp\/v2\/pages\/37","targetHints":{"allow":["GET"]}}],"collection":[{"href":"https:\/\/nr-kollund.dk\/index.php\/wp-json\/wp\/v2\/pages"}],"about":[{"href":"https:\/\/nr-kollund.dk\/index.php\/wp-json\/wp\/v2\/types\/page"}],"author":[{"embeddable":true,"href":"https:\/\/nr-kollund.dk\/index.php\/wp-json\/wp\/v2\/users\/2"}],"replies":[{"embeddable":true,"href":"https:\/\/nr-kollund.dk\/index.php\/wp-json\/wp\/v2\/comments?post=37"}],"version-history":[{"count":12,"href":"https:\/\/nr-kollund.dk\/index.php\/wp-json\/wp\/v2\/pages\/37\/revisions"}],"predecessor-version":[{"id":654,"href":"https:\/\/nr-kollund.dk\/index.php\/wp-json\/wp\/v2\/pages\/37\/revisions\/654"}],"wp:attachment":[{"href":"https:\/\/nr-kollund.dk\/index.php\/wp-json\/wp\/v2\/media?parent=37"}],"curies":[{"name":"wp","href":"https:\/\/api.w.org\/{rel}","templated":true}]}}